{"id":3,"date":"2024-04-25T06:30:46","date_gmt":"2024-04-25T06:30:46","guid":{"rendered":"https:\/\/bitstore-payment.solutions\/?page_id=3"},"modified":"2024-07-30T08:18:23","modified_gmt":"2024-07-30T08:18:23","slug":"agb","status":"publish","type":"page","link":"https:\/\/bitstore-payment.solutions\/index.php\/agb\/","title":{"rendered":"Allgemeine Gesch\u00e4ftsbedingungen"},"content":{"rendered":"\n<p><\/p>\n\n\n\n<h2 class=\"wp-block-heading has-button-hover-color-color has-text-color has-link-color wp-elements-6fa73b9586855001318e034d86b5c2e3\">Gew\u00e4hrleistung<\/h2>\n\n\n\n<p class=\"has-button-hover-color-color has-text-color has-link-color wp-elements-91dee595ecb4ad128dfc8b9bcd219193\">Bitstore Payment Solutions leistet dem K\u00e4ufer Gew\u00e4hr nach der gesetzlichen Regelung innerhalb der<br>gesetzlichen Gew\u00e4hrleistungsfrist. Etwaige M\u00e4ngel der Software\/Hardware oder zugeh\u00f6riger<br>Dokumentationen w\u00e4hrend der Gew\u00e4hrleistung-\/Garantiezeit werden jedoch nach unserer Wahl<br>durch Nachbesserung oder Ersatzlieferung zu unseren Lasten behoben. Dem K\u00e4ufer steht<br>keinerlei Schadenersatz insbesondere f\u00fcr den zeitweiligen Ausfall des ver\u00e4u\u00dferten Produktes zu.<br>Bei fehlerhafter Nachbesserung leben die urspr\u00fcnglichen Gew\u00e4hrleistungsanspr\u00fcche wieder auf.<br>Der K\u00e4ufer ist verpflichtet, die gelieferte Software auf offensichtliche M\u00e4ngel, die einem<br>durchschnittlichen Kunden ohne weiteres auffallen, sofort nach Erhalt zu untersuchen.<br>Offensichtliche M\u00e4ngel, besonders das Fehlen von Datentr\u00e4gern sowie erhebliche, leicht<br>sichtbare Besch\u00e4digungen, sind unverz\u00fcglich nach Lieferung schriftlich anzuzeigen.<br>Soweit der K\u00e4ufer der Software\/Hardware Vollkaufmann ist und seine Pflichten zur<br>unverz\u00fcglichen Untersuchung und R\u00fcge verletzt, gilt die Ware als genehmigt.<br>Fehler, die auf unsachgem\u00e4\u00dfe Nutzung oder Bedienung durch nicht entsprechend eingewiesenes<br>Personal zur\u00fcckzuf\u00fchren sind oder sonstige fehlerhafte Nutzung, die durch den K\u00e4ufer oder seine<br>Erf\u00fcllungsgehilfen hervorgerufen wird, f\u00e4llt nicht unter die Gew\u00e4hrleistung.<\/p>\n\n\n\n<h2 class=\"wp-block-heading has-button-hover-color-color has-text-color has-link-color wp-elements-f09f1fe2a5a78596055feb8a643d4b3e\">Haftung<\/h2>\n\n\n\n<p class=\"has-button-hover-color-color has-text-color has-link-color wp-elements-cb3898ee6c9b266a63fbbb0ebef4e4f0\">Bitstore Payment Solutions haftet f\u00fcr Vorsatz und grobe Fahrl\u00e4ssigkeit, soweit nicht zwingende gesetzliche<br>Regelungen eine Beschr\u00e4nkung ausschlie\u00dfen. Die Haftung umfasst auch Erf\u00fcllungsgehilfen deren<br>sich Bitstore Payment Solutions zur Erf\u00fcllung ihrer Vertragspflichten bedient.<br>Eine Haftung ist ausgeschlossen, soweit der Benutzer der Software angebotene Module (der<br>jeweils letzten Version) nicht beziehungsweise nicht in der angegebenen Art und Weise installiert<br>oder unsachgem\u00e4\u00df verwendet.<\/p>\n\n\n\n<h2 class=\"wp-block-heading has-button-hover-color-color has-text-color has-link-color wp-elements-6890225cb7e1bca05fb457de1f988176\">Lieferzeit, -ort<\/h2>\n\n\n\n<p class=\"has-button-hover-color-color has-text-color has-link-color wp-elements-80d4d1074c7abc46a49fde04ec24f523\">Die Lieferung der bestellten Software erfolgt nach M\u00f6glichkeit zu dem vereinbarten Termin.<br>Falls Bitstore Payment Solutions die vereinbarte Lieferzeit nicht einhalten kann, hat der K\u00e4ufer eine<br>angemessene Nachlieferfrist &#8211; beginnend vom Tage des Eingangs der schriftlichen<br>Inverzugsetzung durch den K\u00e4ufer oder im Falle kalenderm\u00e4\u00dfig bestimmter Lieferfristen mit<br>deren Ablauf &#8211; zu gew\u00e4hren. Liefert Bitstore Payment Solutions bis zum Tage der gesetzten<br>Nachlieferungsfrist nicht, kann der K\u00e4ufer vom Vertrag zur\u00fccktreten.<br>Bitstore Payment Solutions beh\u00e4lt sich vor, bei Neukunden, Kunden mit offenen Rechnungen \u00e4lter als einen<br>Monat oder aber bei einem Verkaufswert gr\u00f6\u00dfer EURO 5.000, die Lieferung via Nachnahme<br>durchzuf\u00fchren.<br>S\u00e4mtliche Sendungen einschlie\u00dflich etwaiger R\u00fccksendungen gehen zu Lasten des K\u00e4ufers.<br>Ausgenommen sind R\u00fccksendungen infolge Mangels der Software und Falschlieferungen.<\/p>\n\n\n\n<h2 class=\"wp-block-heading has-button-hover-color-color has-text-color has-link-color wp-elements-6de1b4a0773f6df9f4b4963df6761db3\">F\u00e4lligkeit<\/h2>\n\n\n\n<p class=\"has-button-hover-color-color has-text-color has-link-color wp-elements-4e6733226bd0dd21eb3f5460a7625fb9\">Der vereinbarte Preis versteht sich in Deutscher Mark inklusive Mehrwertsteuer. Er ist nach<br>Erhalt der Lieferung und der Rechnung ohne Abzug sofort zur Zahlung f\u00e4llig.<\/p>\n\n\n\n<h2 class=\"wp-block-heading has-button-hover-color-color has-text-color has-link-color wp-elements-0297bd89c40f561c34516dfc2a4c59d8\">Eigentumsvorbehalt<\/h2>\n\n\n\n<p class=\"has-button-hover-color-color has-text-color has-link-color wp-elements-687887d9def63c046b5b495ec7b1fb1c\">Software und Hardware bleibt bis zur vollst\u00e4ndigen Erf\u00fcllung aller Verbindlichkeiten aus diesem<br>Vertragsverh\u00e4ltnis Eigentum der Firma Bitstore Payment Solutions . Das Nutzungsrecht an Software steht<br>unter der Bedingung vollst\u00e4ndiger Kaufpreiszahlung. Tritt die Bedingung nicht ein, so erlischt<br>das Nutzungsrecht bei Ablauf der Zahlungsfrist. Dies gilt auch dann, wenn der Kaufpreis f\u00fcr<br>bestimmte vom K\u00e4ufer bezeichnete Software-\/Hardwarelieferungen bezahlt ist.<br>Der K\u00e4ufer ist verpflichtet, der Firma Bitstore Payment Solutions einen Zugriff durch Dritte auf die unter<br>Eigentumsvorbehalt gelieferten Waren unverz\u00fcglich unter \u00dcbersendung der entsprechenden<br>Unterlagen bekannt zu geben. Der K\u00e4ufer verpflichtet sich, dem Verk\u00e4ufer eine Ablichtung des<br>Pf\u00e4ndungsprotokolls unverz\u00fcglich zu \u00fcbersenden. Der K\u00e4ufer haftet f\u00fcr die Kosten und Sch\u00e4den,<br>die durch derartige Zugriffe Dritter entstehen.<\/p>\n\n\n\n<h2 class=\"wp-block-heading has-button-hover-color-color has-text-color has-link-color wp-elements-bf4d8d8e5eef5d93eca6a7d9a2000332\">Verzug<\/h2>\n\n\n\n<p class=\"has-button-hover-color-color has-text-color has-link-color wp-elements-337f76c4cf348579b7a44e97694908ff\">Bitstore Payment Solutions ist berechtigt, vom Vertrag zur\u00fcckzutreten oder Schadenersatz wegen<br>Nichterf\u00fcllung zu verlangen, wenn der K\u00e4ufer die Abnahme auch nach vorheriger nochmaliger<br>Fristsetzung von f\u00fcnf Tagen verweigert und die Software\/Hardware nicht abgenommen hat.<br>Bitstore Payment Solutions ist berechtigt, wegen Nichterf\u00fcllung des Vertrages Schadensersatz in H\u00f6he des<br>vom K\u00e4ufer verursachten Schadens zu verlangen (erfahrungsgem\u00e4\u00df 25%). Einen h\u00f6heren<br>Schaden hat Bitstore Payment Solutions nachzuweisen.<\/p>\n\n\n\n<h2 class=\"wp-block-heading has-button-hover-color-color has-text-color has-link-color wp-elements-e837a3debf15316359cbf72e45623e1f\">Ratenzahlung<\/h2>\n\n\n\n<p class=\"has-button-hover-color-color has-text-color has-link-color wp-elements-21243fd6a0110605780592a43340d65c\">F\u00fcr etwaige Ratenzahlungsk\u00e4ufe gilt das Verbraucherkreditgesetz.<\/p>\n\n\n\n<h2 class=\"wp-block-heading has-button-hover-color-color has-text-color has-link-color wp-elements-5fcd854cc1bef5a1fad6bb1e598f9706\">Nutzungsrechte, Urheberrechte und sonstige Schutzrechte<\/h2>\n\n\n\n<p class=\"has-button-hover-color-color has-text-color has-link-color wp-elements-90ae4750afcc19d4c04e0dad2a57f5a1\">Der K\u00e4ufer erwirbt durch den Kauf ein nicht ausschlie\u00dfliches Nutzungsrecht an der gekauften<br>Software. Die Weitergabe der Software ohne ausdr\u00fcckliche Zustimmung der Firma Bitstore Payment Solutions ist untersagt. Jede Nutzung durch Dritte, ist der Firma Bitstore Payment Solutions unverz\u00fcglich<br>anzuzeigen.<br>Alle gegenw\u00e4rtigen und k\u00fcnftigen urheberrechtlichen und\/oder gewerblichen Schutzrechte an der<br>\u00fcberlassenen Software, Erg\u00e4nzungsmodulen, Updates etc. sowie gelieferter Dokumentationen<br>verbleiben bei der Firma Bitstore Payment Solutions.<\/p>\n\n\n\n<h2 class=\"wp-block-heading has-button-hover-color-color has-text-color has-link-color wp-elements-0f6d3e9841f2a3554510dd9c76f1f295\">Gerichtsstand<\/h2>\n\n\n\n<p class=\"has-button-hover-color-color has-text-color has-link-color wp-elements-7737404f34f2e356434bddc362d0b669\">Soweit der K\u00e4ufer Vollkaufmann ist, gilt f\u00fcr s\u00e4mtliche gegenw\u00e4rtige und zuk\u00fcnftige Anspr\u00fcche<br>aus der Gesch\u00e4ftsverbindung sowie Anspr\u00fcche, die im Wege des Mahnverfahrens geltend<br>gemacht werden, der Sitz der Firma Bitstore Payment Solutions als ausschlie\u00dflicher Gerichtsstand. Der<br>gleiche Gerichtsstand gilt, wenn der K\u00e4ufer keinen allgemeinen Gerichtsstand im Inland hat oder<br>nach Vertragsschlu\u00df seinen Wohnsitz oder gew\u00f6hnlichen Aufenthalt aus dem Ausland verlegt<br>oder sein Wohnsitz oder gew\u00f6hnlicher Aufenthaltsort zum Zeitpunkt der Klageerhebung<br>unbekannt ist. Im \u00dcbrigen gelten die gesetzlichen Regelungen.<\/p>\n\n\n\n<h2 class=\"wp-block-heading has-button-hover-color-color has-text-color has-link-color wp-elements-b296cc32163b37795b72c8ab3ba2df5e\">Andere AGB\u00b4s<\/h2>\n\n\n\n<p class=\"has-button-hover-color-color has-text-color has-link-color wp-elements-26bed1e6a38067cac0b1fbdb2d2b38a2\">In Vertr\u00e4gen mit anderen Kaufleuten gelten ausschlie\u00dflich die AGB der Bitstore Payment Solutions; andere Bedingungen<br>werden nicht Vertragsinhalt, auch wenn die Bitstore Payment Solutions nicht ausdr\u00fccklich widerspricht.<\/p>\n","protected":false},"excerpt":{"rendered":"<p>Gew\u00e4hrleistung Bitstore Payment Solutions leistet dem K\u00e4ufer Gew\u00e4hr nach der gesetzlichen Regelung innerhalb dergesetzlichen Gew\u00e4hrleistungsfrist. Etwaige M\u00e4ngel der Software\/Hardware oder zugeh\u00f6rigerDokumentationen w\u00e4hrend der Gew\u00e4hrleistung-\/Garantiezeit werden jedoch nach unserer Wahldurch Nachbesserung oder Ersatzlieferung zu unseren Lasten behoben. Dem K\u00e4ufer stehtkeinerlei Schadenersatz &hellip;<\/p>\n<p class=\"read-more\"> <a class=\"more-link\" href=\"https:\/\/bitstore-payment.solutions\/index.php\/agb\/\"> <span class=\"screen-reader-text\">Allgemeine Gesch\u00e4ftsbedingungen<\/span> Read More &raquo;<\/a><\/p>\n","protected":false},"author":1,"featured_media":0,"parent":0,"menu_order":0,"comment_status":"closed","ping_status":"closed","template":"","meta":{"footnotes":""},"class_list":["post-3","page","type-page","status-publish","hentry"],"featured_image_src":"","featured_image_src_square":false,"rbea_author_info":{"display_name":"admin","author_link":"https:\/\/bitstore-payment.solutions\/index.php\/author\/michael-fritz\/"},"rbea_excerpt_info":"Gew\u00e4hrleistung Bitstore Payment Solutions leistet dem K\u00e4ufer Gew\u00e4hr nach der gesetzlichen Regelung innerhalb dergesetzlichen Gew\u00e4hrleistungsfrist. Etwaige M\u00e4ngel der Software\/Hardware oder zugeh\u00f6rigerDokumentationen w\u00e4hrend der Gew\u00e4hrleistung-\/Garantiezeit werden jedoch nach unserer Wahldurch Nachbesserung oder Ersatzlieferung zu unseren Lasten behoben. Dem K\u00e4ufer stehtkeinerlei Schadenersatz &hellip;<p class=\"read-more\"> <a class=\"more-link\" href=\"https:\/\/bitstore-payment.solutions\/index.php\/agb\/\"> <span class=\"screen-reader-text\">Allgemeine Gesch\u00e4ftsbedingungen<\/span> Read More &raquo;<\/a><\/p>","_links":{"self":[{"href":"https:\/\/bitstore-payment.solutions\/index.php\/wp-json\/wp\/v2\/pages\/3","targetHints":{"allow":["GET"]}}],"collection":[{"href":"https:\/\/bitstore-payment.solutions\/index.php\/wp-json\/wp\/v2\/pages"}],"about":[{"href":"https:\/\/bitstore-payment.solutions\/index.php\/wp-json\/wp\/v2\/types\/page"}],"author":[{"embeddable":true,"href":"https:\/\/bitstore-payment.solutions\/index.php\/wp-json\/wp\/v2\/users\/1"}],"replies":[{"embeddable":true,"href":"https:\/\/bitstore-payment.solutions\/index.php\/wp-json\/wp\/v2\/comments?post=3"}],"version-history":[{"count":11,"href":"https:\/\/bitstore-payment.solutions\/index.php\/wp-json\/wp\/v2\/pages\/3\/revisions"}],"predecessor-version":[{"id":1158,"href":"https:\/\/bitstore-payment.solutions\/index.php\/wp-json\/wp\/v2\/pages\/3\/revisions\/1158"}],"wp:attachment":[{"href":"https:\/\/bitstore-payment.solutions\/index.php\/wp-json\/wp\/v2\/media?parent=3"}],"curies":[{"name":"wp","href":"https:\/\/api.w.org\/{rel}","templated":true}]}}